{"id":344,"date":"2021-01-18T16:50:04","date_gmt":"2021-01-18T21:50:04","guid":{"rendered":"https:\/\/career.ngcaerospace.com\/?page_id=344"},"modified":"2021-01-18T16:50:04","modified_gmt":"2021-01-18T21:50:04","slug":"politique-de-confidentialite","status":"publish","type":"page","link":"https:\/\/career.ngcaerospace.com\/fr\/politique-de-confidentialite\/","title":{"rendered":"Politique de confidentialit\u00e9"},"content":{"rendered":"<h2>career.ngcaerospace.com collecte des donn\u00e9es personnelles sur le comportement en ligne des utilisateurs sur le site web gr\u00e2ce \u00e0 Google Analytics (GA).<\/h2>\n<p>GA est utilis\u00e9 comme outils d\u2019analyse de trafic anonyme et agr\u00e9g\u00e9 sur le site web. GA installe un cookie sur votre navigateur qui g\u00e9n\u00e8re un ClientID de fa\u00e7on al\u00e9atoire et qui n\u2019inclue aucune information permettant d\u2019identifier un individu, telle que son nom, son adresse courriel, son num\u00e9ro de t\u00e9l\u00e9phone, etc. En utilisant GA, nous devons envoyer votre adresse IP \u00e0 Google. Nous collectons des donn\u00e9es telles que le temps pass\u00e9 sur le site, les pages consult\u00e9es, etc. Nous utilisons cette information \u00e0 des fins marketing pour am\u00e9liorer l\u2019exp\u00e9rience en ligne des utilisateurs. Si vous le souhaitez, vous pouvez installer le Google Analytics Opt-Out Browser Add-On pour plus de protection.<br \/>\nPour renseignements, support ou questions : <a href=\"mailto:info@ngcaerospace.com\">\u00e9crivez-nous.<\/a><\/p>\n","protected":false},"excerpt":{"rendered":"<p>career.ngcaerospace.com collecte des donn\u00e9es personnelles sur le comportement en ligne des utilisateurs sur le site web gr\u00e2ce \u00e0 Google Analytics [&hellip;]<\/p>\n","protected":false},"author":2,"featured_media":0,"parent":0,"menu_order":0,"comment_status":"closed","ping_status":"open","template":"","meta":{"_acf_changed":false,"footnotes":""},"class_list":["post-344","page","type-page","status-publish","hentry"],"acf":[],"yoast_head":"<!-- This site is optimized with the Yoast SEO plugin v25.3 - https:\/\/yoast.com\/wordpress\/plugins\/seo\/ -->\n<title>Politique de confidentialit\u00e9 - NGC Aerospace Ltd<\/title>\n<meta name=\"robots\" content=\"index, follow, max-snippet:-1, max-image-preview:large, max-video-preview:-1\" \/>\n<link rel=\"canonical\" href=\"https:\/\/career.ngcaerospace.com\/privacy-policy\/\" \/>\n<meta property=\"og:locale\" content=\"fr_FR\" \/>\n<meta property=\"og:type\" content=\"article\" \/>\n<meta property=\"og:title\" content=\"Politique de confidentialit\u00e9 - NGC Aerospace Ltd\" \/>\n<meta property=\"og:description\" content=\"career.ngcaerospace.com collecte des donn\u00e9es personnelles sur le comportement en ligne des utilisateurs sur le site web gr\u00e2ce \u00e0 Google Analytics [&hellip;]\" \/>\n<meta property=\"og:url\" content=\"https:\/\/career.ngcaerospace.com\/privacy-policy\/\" \/>\n<meta property=\"og:site_name\" content=\"NGC Aerospace Ltd\" \/>\n<meta property=\"og:image\" content=\"https:\/\/career.ngcaerospace.com\/wp-content\/uploads\/2020\/11\/ngc-social.jpg\" \/>\n\t<meta property=\"og:image:width\" content=\"1200\" \/>\n\t<meta property=\"og:image:height\" content=\"630\" \/>\n\t<meta property=\"og:image:type\" content=\"image\/jpeg\" \/>\n<meta name=\"twitter:card\" content=\"summary_large_image\" \/>\n<meta name=\"twitter:label1\" content=\"Dur\u00e9e de lecture estim\u00e9e\" \/>\n\t<meta name=\"twitter:data1\" content=\"1 minute\" \/>\n<script type=\"application\/ld+json\" class=\"yoast-schema-graph\">{\"@context\":\"https:\/\/schema.org\",\"@graph\":[{\"@type\":\"WebPage\",\"@id\":\"https:\/\/career.ngcaerospace.com\/privacy-policy\/\",\"url\":\"https:\/\/career.ngcaerospace.com\/privacy-policy\/\",\"name\":\"Politique de confidentialit\u00e9 - NGC Aerospace Ltd\",\"isPartOf\":{\"@id\":\"https:\/\/career.ngcaerospace.com\/#website\"},\"datePublished\":\"2021-01-18T21:50:04+00:00\",\"breadcrumb\":{\"@id\":\"https:\/\/career.ngcaerospace.com\/privacy-policy\/#breadcrumb\"},\"inLanguage\":\"fr-FR\",\"potentialAction\":[{\"@type\":\"ReadAction\",\"target\":[\"https:\/\/career.ngcaerospace.com\/privacy-policy\/\"]}]},{\"@type\":\"BreadcrumbList\",\"@id\":\"https:\/\/career.ngcaerospace.com\/privacy-policy\/#breadcrumb\",\"itemListElement\":[{\"@type\":\"ListItem\",\"position\":1,\"name\":\"Home\",\"item\":\"https:\/\/career.ngcaerospace.com\/fr\/\"},{\"@type\":\"ListItem\",\"position\":2,\"name\":\"Politique de confidentialit\u00e9\"}]},{\"@type\":\"WebSite\",\"@id\":\"https:\/\/career.ngcaerospace.com\/#website\",\"url\":\"https:\/\/career.ngcaerospace.com\/\",\"name\":\"NGC Aerospace Ltd\",\"description\":\"Shaping the future of autonomous exploration through ingenuity\",\"publisher\":{\"@id\":\"https:\/\/career.ngcaerospace.com\/#organization\"},\"potentialAction\":[{\"@type\":\"SearchAction\",\"target\":{\"@type\":\"EntryPoint\",\"urlTemplate\":\"https:\/\/career.ngcaerospace.com\/?s={search_term_string}\"},\"query-input\":{\"@type\":\"PropertyValueSpecification\",\"valueRequired\":true,\"valueName\":\"search_term_string\"}}],\"inLanguage\":\"fr-FR\"},{\"@type\":\"Organization\",\"@id\":\"https:\/\/career.ngcaerospace.com\/#organization\",\"name\":\"NGC Aerospace\",\"url\":\"https:\/\/career.ngcaerospace.com\/\",\"logo\":{\"@type\":\"ImageObject\",\"inLanguage\":\"fr-FR\",\"@id\":\"https:\/\/career.ngcaerospace.com\/#\/schema\/logo\/image\/\",\"url\":\"https:\/\/career.ngcaerospace.com\/wp-content\/uploads\/2020\/08\/ngc_aerspace-aerospatiale_logo2.png\",\"contentUrl\":\"https:\/\/career.ngcaerospace.com\/wp-content\/uploads\/2020\/08\/ngc_aerspace-aerospatiale_logo2.png\",\"width\":200,\"height\":85,\"caption\":\"NGC Aerospace\"},\"image\":{\"@id\":\"https:\/\/career.ngcaerospace.com\/#\/schema\/logo\/image\/\"}}]}<\/script>\n<!-- \/ Yoast SEO plugin. -->","yoast_head_json":{"title":"Politique de confidentialit\u00e9 - NGC Aerospace Ltd","robots":{"index":"index","follow":"follow","max-snippet":"max-snippet:-1","max-image-preview":"max-image-preview:large","max-video-preview":"max-video-preview:-1"},"canonical":"https:\/\/career.ngcaerospace.com\/privacy-policy\/","og_locale":"fr_FR","og_type":"article","og_title":"Politique de confidentialit\u00e9 - NGC Aerospace Ltd","og_description":"career.ngcaerospace.com collecte des donn\u00e9es personnelles sur le comportement en ligne des utilisateurs sur le site web gr\u00e2ce \u00e0 Google Analytics [&hellip;]","og_url":"https:\/\/career.ngcaerospace.com\/privacy-policy\/","og_site_name":"NGC Aerospace Ltd","og_image":[{"width":1200,"height":630,"url":"https:\/\/career.ngcaerospace.com\/wp-content\/uploads\/2020\/11\/ngc-social.jpg","type":"image\/jpeg"}],"twitter_card":"summary_large_image","twitter_misc":{"Dur\u00e9e de lecture estim\u00e9e":"1 minute"},"schema":{"@context":"https:\/\/schema.org","@graph":[{"@type":"WebPage","@id":"https:\/\/career.ngcaerospace.com\/privacy-policy\/","url":"https:\/\/career.ngcaerospace.com\/privacy-policy\/","name":"Politique de confidentialit\u00e9 - NGC Aerospace Ltd","isPartOf":{"@id":"https:\/\/career.ngcaerospace.com\/#website"},"datePublished":"2021-01-18T21:50:04+00:00","breadcrumb":{"@id":"https:\/\/career.ngcaerospace.com\/privacy-policy\/#breadcrumb"},"inLanguage":"fr-FR","potentialAction":[{"@type":"ReadAction","target":["https:\/\/career.ngcaerospace.com\/privacy-policy\/"]}]},{"@type":"BreadcrumbList","@id":"https:\/\/career.ngcaerospace.com\/privacy-policy\/#breadcrumb","itemListElement":[{"@type":"ListItem","position":1,"name":"Home","item":"https:\/\/career.ngcaerospace.com\/fr\/"},{"@type":"ListItem","position":2,"name":"Politique de confidentialit\u00e9"}]},{"@type":"WebSite","@id":"https:\/\/career.ngcaerospace.com\/#website","url":"https:\/\/career.ngcaerospace.com\/","name":"NGC Aerospace Ltd","description":"Shaping the future of autonomous exploration through ingenuity","publisher":{"@id":"https:\/\/career.ngcaerospace.com\/#organization"},"potentialAction":[{"@type":"SearchAction","target":{"@type":"EntryPoint","urlTemplate":"https:\/\/career.ngcaerospace.com\/?s={search_term_string}"},"query-input":{"@type":"PropertyValueSpecification","valueRequired":true,"valueName":"search_term_string"}}],"inLanguage":"fr-FR"},{"@type":"Organization","@id":"https:\/\/career.ngcaerospace.com\/#organization","name":"NGC Aerospace","url":"https:\/\/career.ngcaerospace.com\/","logo":{"@type":"ImageObject","inLanguage":"fr-FR","@id":"https:\/\/career.ngcaerospace.com\/#\/schema\/logo\/image\/","url":"https:\/\/career.ngcaerospace.com\/wp-content\/uploads\/2020\/08\/ngc_aerspace-aerospatiale_logo2.png","contentUrl":"https:\/\/career.ngcaerospace.com\/wp-content\/uploads\/2020\/08\/ngc_aerspace-aerospatiale_logo2.png","width":200,"height":85,"caption":"NGC Aerospace"},"image":{"@id":"https:\/\/career.ngcaerospace.com\/#\/schema\/logo\/image\/"}}]}},"_links":{"self":[{"href":"https:\/\/career.ngcaerospace.com\/fr\/wp-json\/wp\/v2\/pages\/344","targetHints":{"allow":["GET"]}}],"collection":[{"href":"https:\/\/career.ngcaerospace.com\/fr\/wp-json\/wp\/v2\/pages"}],"about":[{"href":"https:\/\/career.ngcaerospace.com\/fr\/wp-json\/wp\/v2\/types\/page"}],"author":[{"embeddable":true,"href":"https:\/\/career.ngcaerospace.com\/fr\/wp-json\/wp\/v2\/users\/2"}],"replies":[{"embeddable":true,"href":"https:\/\/career.ngcaerospace.com\/fr\/wp-json\/wp\/v2\/comments?post=344"}],"version-history":[{"count":2,"href":"https:\/\/career.ngcaerospace.com\/fr\/wp-json\/wp\/v2\/pages\/344\/revisions"}],"predecessor-version":[{"id":346,"href":"https:\/\/career.ngcaerospace.com\/fr\/wp-json\/wp\/v2\/pages\/344\/revisions\/346"}],"wp:attachment":[{"href":"https:\/\/career.ngcaerospace.com\/fr\/wp-json\/wp\/v2\/media?parent=344"}],"curies":[{"name":"wp","href":"https:\/\/api.w.org\/{rel}","templated":true}]}}